{"id":14,"date":"2021-07-19T10:42:44","date_gmt":"2021-07-19T08:42:44","guid":{"rendered":"http:\/\/www.arert.eu\/?page_id=14"},"modified":"2026-03-02T11:33:38","modified_gmt":"2026-03-02T10:33:38","slug":"lassociation-arert","status":"publish","type":"page","link":"https:\/\/www.arert.eu\/en\/lassociation-arert\/","title":{"rendered":"ENRWA"},"content":{"rendered":"<div data-elementor-type=\"wp-page\" data-elementor-id=\"14\" class=\"elementor elementor-14\" data-elementor-post-type=\"page\">\n\t\t\t\t\t\t<section class=\"elementor-section elementor-top-section elementor-element elementor-element-2fed9c1 elementor-section-boxed elementor-section-height-default elementor-section-height-default\" data-id=\"2fed9c1\" data-element_type=\"section\" data-settings=\"{&quot;jet_parallax_layout_list&quot;:[{&quot;jet_parallax_layout_image&quot;:{&quot;url&quot;:&quot;&quot;,&quot;id&quot;:&quot;&quot;,&quot;size&quot;:&quot;&quot;},&quot;_id&quot;:&quot;10b19bf&quot;,&quot;jet_parallax_layout_image_tablet&quot;:{&quot;url&quot;:&quot;&quot;,&quot;id&quot;:&quot;&quot;,&quot;size&quot;:&quot;&quot;},&quot;jet_parallax_layout_image_mobile&quot;:{&quot;url&quot;:&quot;&quot;,&quot;id&quot;:&quot;&quot;,&quot;size&quot;:&quot;&quot;},&quot;jet_parallax_layout_speed&quot;:{&quot;unit&quot;:&quot;%&quot;,&quot;size&quot;:50,&quot;sizes&quot;:[]},&quot;jet_parallax_layout_type&quot;:&quot;scroll&quot;,&quot;jet_parallax_layout_direction&quot;:null,&quot;jet_parallax_layout_fx_direction&quot;:null,&quot;jet_parallax_layout_z_index&quot;:&quot;&quot;,&quot;jet_parallax_layout_bg_x&quot;:50,&quot;jet_parallax_layout_bg_x_tablet&quot;:&quot;&quot;,&quot;jet_parallax_layout_bg_x_mobile&quot;:&quot;&quot;,&quot;jet_parallax_layout_bg_y&quot;:50,&quot;jet_parallax_layout_bg_y_tablet&quot;:&quot;&quot;,&quot;jet_parallax_layout_bg_y_mobile&quot;:&quot;&quot;,&quot;jet_parallax_layout_bg_size&quot;:&quot;auto&quot;,&quot;jet_parallax_layout_bg_size_tablet&quot;:&quot;&quot;,&quot;jet_parallax_layout_bg_size_mobile&quot;:&quot;&quot;,&quot;jet_parallax_layout_animation_prop&quot;:&quot;transform&quot;,&quot;jet_parallax_layout_on&quot;:[&quot;desktop&quot;,&quot;tablet&quot;]}]}\">\n\t\t\t\t\t\t<div class=\"elementor-container elementor-column-gap-default\">\n\t\t\t\t\t<div class=\"elementor-column elementor-col-100 elementor-top-column elementor-element elementor-element-8873836\" data-id=\"8873836\" data-element_type=\"column\">\n\t\t\t<div class=\"elementor-widget-wrap elementor-element-populated\">\n\t\t\t\t\t\t<div class=\"elementor-element elementor-element-b98aa08 elementor-widget elementor-widget-jet-breadcrumbs\" data-id=\"b98aa08\" data-element_type=\"widget\" data-widget_type=\"jet-breadcrumbs.default\">\n\t\t\t\t<div class=\"elementor-widget-container\">\n\t\t\t\t\t<div class=\"elementor-jet-breadcrumbs jet-blocks\">\n\t\t<div class=\"jet-breadcrumbs\">\n\t\t<div class=\"jet-breadcrumbs__content\">\n\t\t<div class=\"jet-breadcrumbs__wrap\"><div class=\"jet-breadcrumbs__item\"><a href=\"https:\/\/www.arert.eu\/en\/\" class=\"jet-breadcrumbs__item-link is-home\" rel=\"home\" title=\"Home\">Home<\/a><\/div>\n\t\t<\/div>\n\t\t<\/div>\n\t\t<\/div><\/div>\t\t\t\t<\/div>\n\t\t\t\t<\/div>\n\t\t\t\t<div class=\"elementor-element elementor-element-2468b5c elementor-widget elementor-widget-heading\" data-id=\"2468b5c\" data-element_type=\"widget\" data-widget_type=\"heading.default\">\n\t\t\t\t<div class=\"elementor-widget-container\">\n\t\t\t\t\t<h1 class=\"elementor-heading-title elementor-size-default\">Introduction<\/h1>\t\t\t\t<\/div>\n\t\t\t\t<\/div>\n\t\t\t\t\t<\/div>\n\t\t<\/div>\n\t\t\t\t\t<\/div>\n\t\t<\/section>\n\t\t\t\t<section class=\"elementor-section elementor-top-section elementor-element elementor-element-62352d8 elementor-section-boxed elementor-section-height-default elementor-section-height-default\" data-id=\"62352d8\" data-element_type=\"section\" data-settings=\"{&quot;jet_parallax_layout_list&quot;:[{&quot;jet_parallax_layout_image&quot;:{&quot;url&quot;:&quot;&quot;,&quot;id&quot;:&quot;&quot;,&quot;size&quot;:&quot;&quot;},&quot;_id&quot;:&quot;73df186&quot;,&quot;jet_parallax_layout_image_tablet&quot;:{&quot;url&quot;:&quot;&quot;,&quot;id&quot;:&quot;&quot;,&quot;size&quot;:&quot;&quot;},&quot;jet_parallax_layout_image_mobile&quot;:{&quot;url&quot;:&quot;&quot;,&quot;id&quot;:&quot;&quot;,&quot;size&quot;:&quot;&quot;},&quot;jet_parallax_layout_speed&quot;:{&quot;unit&quot;:&quot;%&quot;,&quot;size&quot;:50,&quot;sizes&quot;:[]},&quot;jet_parallax_layout_type&quot;:&quot;scroll&quot;,&quot;jet_parallax_layout_direction&quot;:null,&quot;jet_parallax_layout_fx_direction&quot;:null,&quot;jet_parallax_layout_z_index&quot;:&quot;&quot;,&quot;jet_parallax_layout_bg_x&quot;:50,&quot;jet_parallax_layout_bg_x_tablet&quot;:&quot;&quot;,&quot;jet_parallax_layout_bg_x_mobile&quot;:&quot;&quot;,&quot;jet_parallax_layout_bg_y&quot;:50,&quot;jet_parallax_layout_bg_y_tablet&quot;:&quot;&quot;,&quot;jet_parallax_layout_bg_y_mobile&quot;:&quot;&quot;,&quot;jet_parallax_layout_bg_size&quot;:&quot;auto&quot;,&quot;jet_parallax_layout_bg_size_tablet&quot;:&quot;&quot;,&quot;jet_parallax_layout_bg_size_mobile&quot;:&quot;&quot;,&quot;jet_parallax_layout_animation_prop&quot;:&quot;transform&quot;,&quot;jet_parallax_layout_on&quot;:[&quot;desktop&quot;,&quot;tablet&quot;]}]}\">\n\t\t\t\t\t\t<div class=\"elementor-container elementor-column-gap-default\">\n\t\t\t\t\t<div class=\"elementor-column elementor-col-100 elementor-top-column elementor-element elementor-element-0a52ba3\" data-id=\"0a52ba3\" data-element_type=\"column\">\n\t\t\t<div class=\"elementor-widget-wrap elementor-element-populated\">\n\t\t\t\t\t\t<div class=\"elementor-element elementor-element-b0305a3 elementor-widget elementor-widget-heading\" data-id=\"b0305a3\" data-element_type=\"widget\" data-widget_type=\"heading.default\">\n\t\t\t\t<div class=\"elementor-widget-container\">\n\t\t\t\t\t<h5 class=\"elementor-heading-title elementor-size-default\">THE ASSOCIATION<\/h5>\t\t\t\t<\/div>\n\t\t\t\t<\/div>\n\t\t\t\t<div class=\"elementor-element elementor-element-3ad18ae elementor-widget elementor-widget-heading\" data-id=\"3ad18ae\" data-element_type=\"widget\" data-widget_type=\"heading.default\">\n\t\t\t\t<div class=\"elementor-widget-container\">\n\t\t\t\t\t<h5 class=\"elementor-heading-title elementor-size-default\">Mission and values<\/h5>\t\t\t\t<\/div>\n\t\t\t\t<\/div>\n\t\t\t\t<div class=\"elementor-element elementor-element-811fcbf elementor-widget elementor-widget-text-editor\" data-id=\"811fcbf\" data-element_type=\"widget\" data-widget_type=\"text-editor.default\">\n\t\t\t\t<div class=\"elementor-widget-container\">\n\t\t\t\t\t\t\t\t\t<p><span style=\"font-size: 12.0pt;\">The Association of the European Network of Registers of Wills (ENRWA)\nFounded in 2005 by the Belgian, French and Slovenian notariats, ENRWA is an international non-profit association governed by Belgian law. It operates within the framework of the <b>Basel Convention<\/b> on the Establishment of a System for the Registration of Wills (16 May 1972).<\/span><\/p><p><span style=\"font-size: 12.0pt;\">The ENRWA enables Member States with a register of last wills and testaments to interconnect these registers. Thanks to this network, any European citizen can identify the wills left by a deceased person, regardless of the country of registration. This system thus facilitates the management of <b>cross-border successions.<\/b>.<\/span><\/p><p><span style=\"font-size: 12.0pt;\">Since 2015,  the ENRWA has extended its activities to <b>European Certificates of Succession (ECS),<\/b>introduced by European Regulation No 650\/2012. The competent authorities can use it to search for the issuance of an EIC in another Member State bound by this Regulation (excluding Ireland and Denmark).<\/span><\/p><p style=\"margin-bottom: 0cm; line-height: normal;\">Key actions to fulfil its mission:<\/p><ul><li><b>Encourage<\/b><span style=\"font-size: 12.0pt;\">\u00a0the creation and interconnection of will registers in Europe;<br \/><\/span><\/li><li><span style=\"font-size: 12.0pt;\"><b>Raise awareness<\/b>\u00a0among notaries and legal professionals about the use of the ENRWA and the challenges of cross-border succession;<\/span><\/li><li><span style=\"font-size: 12.0pt;\"><b>Communicate\u00a0<\/b>with notaries and the public about the mission and actions of the ENRWA<\/span><\/li><li><span style=\"font-size: 12.0pt;\"><b>Develop and manage<\/b>\u00a0security protocols related to the registers and the financial sustainability of the initiative.<\/span><\/li><\/ul><p style=\"margin-bottom: 0cm; line-height: normal;\"><span style=\"font-size: 12.0pt;\">\u00a0<\/span><\/p><p><b>ENRWA core values<\/b><\/p><p><span style=\"font-size: 12.0pt;\">The ENRWA is based on the principles of the 1972 Basel Convention:\u00a0<\/span><\/p><ul><li><b>Respect for national specificities:<\/b><span style=\"font-size: 12.0pt;\">\u00a0taking into account the specific legal environments in the process of interconnecting registers;<\/span><\/li><li><b>Confidentiality<\/b><span style=\"font-size: 12.0pt;\"> : registers undertake to keep information about wills secret during the testator's lifetime and to allow consultation upon presentation of the death certificate.\u00a0<\/span><\/li><\/ul><p>\u00a0<\/p><p>The association is committed to continually developing and improving its <a href=\"http:\/\/www.arert.eu\/wp-content\/uploads\/2025\/03\/Politique-Qualite-ARERT-EN.pdf\">quality management system<\/a><\/p>\t\t\t\t\t\t\t\t<\/div>\n\t\t\t\t<\/div>\n\t\t\t\t<div class=\"elementor-element elementor-element-81f7747 elementor-widget elementor-widget-text-editor\" data-id=\"81f7747\" data-element_type=\"widget\" data-widget_type=\"text-editor.default\">\n\t\t\t\t<div class=\"elementor-widget-container\">\n\t\t\t\t\t\t\t\t\t<p>Any organisation applying for membership of ENRWA must fulfil one of the following conditions :<\/p><ul><li>be a European Union Notariat, or<\/li><li>be a Notariat in a country having the status of a European Union candidate country, or<\/li><li>be designated by the competent authority as being the administrator(s) of the register of wills or, failing designation by the competent authority, comply with the criteria set by the association, or<\/li><li>be a candidate for the establishment of such a register in accordance with the criteria set by the Association.<\/li><\/ul><p>\u00a0<\/p><p>Applications for membership must be sent in writing to ARERT, at contact.arert@arert.eu or to its registered office (Rue de la Montagne, 30-34, B-1000 Brussels).<\/p><p>Candidatures are then reviewed by the Steering Committee.<\/p>\t\t\t\t\t\t\t\t<\/div>\n\t\t\t\t<\/div>\n\t\t\t\t\t<\/div>\n\t\t<\/div>\n\t\t\t\t\t<\/div>\n\t\t<\/section>\n\t\t\t\t<section class=\"elementor-section elementor-top-section elementor-element elementor-element-e4105df elementor-section-boxed elementor-section-height-default elementor-section-height-default\" data-id=\"e4105df\" data-element_type=\"section\" data-settings=\"{&quot;jet_parallax_layout_list&quot;:[{&quot;jet_parallax_layout_image&quot;:{&quot;url&quot;:&quot;&quot;,&quot;id&quot;:&quot;&quot;,&quot;size&quot;:&quot;&quot;},&quot;_id&quot;:&quot;3050b00&quot;,&quot;jet_parallax_layout_image_tablet&quot;:{&quot;url&quot;:&quot;&quot;,&quot;id&quot;:&quot;&quot;,&quot;size&quot;:&quot;&quot;},&quot;jet_parallax_layout_image_mobile&quot;:{&quot;url&quot;:&quot;&quot;,&quot;id&quot;:&quot;&quot;,&quot;size&quot;:&quot;&quot;},&quot;jet_parallax_layout_speed&quot;:{&quot;unit&quot;:&quot;%&quot;,&quot;size&quot;:50,&quot;sizes&quot;:[]},&quot;jet_parallax_layout_type&quot;:&quot;scroll&quot;,&quot;jet_parallax_layout_direction&quot;:null,&quot;jet_parallax_layout_fx_direction&quot;:null,&quot;jet_parallax_layout_z_index&quot;:&quot;&quot;,&quot;jet_parallax_layout_bg_x&quot;:50,&quot;jet_parallax_layout_bg_x_tablet&quot;:&quot;&quot;,&quot;jet_parallax_layout_bg_x_mobile&quot;:&quot;&quot;,&quot;jet_parallax_layout_bg_y&quot;:50,&quot;jet_parallax_layout_bg_y_tablet&quot;:&quot;&quot;,&quot;jet_parallax_layout_bg_y_mobile&quot;:&quot;&quot;,&quot;jet_parallax_layout_bg_size&quot;:&quot;auto&quot;,&quot;jet_parallax_layout_bg_size_tablet&quot;:&quot;&quot;,&quot;jet_parallax_layout_bg_size_mobile&quot;:&quot;&quot;,&quot;jet_parallax_layout_animation_prop&quot;:&quot;transform&quot;,&quot;jet_parallax_layout_on&quot;:[&quot;desktop&quot;,&quot;tablet&quot;]}]}\">\n\t\t\t\t\t\t<div class=\"elementor-container elementor-column-gap-default\">\n\t\t\t\t\t<div class=\"elementor-column elementor-col-50 elementor-top-column elementor-element elementor-element-af2726f\" data-id=\"af2726f\" data-element_type=\"column\" data-settings=\"{&quot;background_background&quot;:&quot;classic&quot;}\">\n\t\t\t<div class=\"elementor-widget-wrap elementor-element-populated\">\n\t\t\t\t\t\t<div class=\"elementor-element elementor-element-2c954e5 elementor-widget elementor-widget-spacer\" data-id=\"2c954e5\" data-element_type=\"widget\" data-widget_type=\"spacer.default\">\n\t\t\t\t<div class=\"elementor-widget-container\">\n\t\t\t\t\t\t\t<div class=\"elementor-spacer\">\n\t\t\t<div class=\"elementor-spacer-inner\"><\/div>\n\t\t<\/div>\n\t\t\t\t\t\t<\/div>\n\t\t\t\t<\/div>\n\t\t\t\t\t<\/div>\n\t\t<\/div>\n\t\t\t\t<div class=\"elementor-column elementor-col-50 elementor-top-column elementor-element elementor-element-d4f8aa6\" data-id=\"d4f8aa6\" data-element_type=\"column\">\n\t\t\t<div class=\"elementor-widget-wrap elementor-element-populated\">\n\t\t\t\t\t\t<div class=\"elementor-element elementor-element-f64645d elementor-widget elementor-widget-heading\" data-id=\"f64645d\" data-element_type=\"widget\" data-widget_type=\"heading.default\">\n\t\t\t\t<div class=\"elementor-widget-container\">\n\t\t\t\t\t<h5 class=\"elementor-heading-title elementor-size-default\">THE STEERING COMMITTEE<br><\/h5>\t\t\t\t<\/div>\n\t\t\t\t<\/div>\n\t\t\t\t<div class=\"elementor-element elementor-element-3149b38 elementor-widget elementor-widget-text-editor\" data-id=\"3149b38\" data-element_type=\"widget\" data-widget_type=\"text-editor.default\">\n\t\t\t\t<div class=\"elementor-widget-container\">\n\t\t\t\t\t\t\t\t\t<p>The steering committee is composed of five administrators :<\/p><ul><li><strong>Ma\u00eetre Octavian ROGOJANU<\/strong>, President, civil law notary in Romania.<\/li><li><strong>Ma\u00eetre Anne WUILQUOT<\/strong>, Vice president, civil law notary in Belgium.<\/li><li><strong>Ma\u00eetre Viktor M\u00c1T\u00c9<\/strong>, Vice president, notary in Hungary<\/li><li><strong>Ma\u00eetre Pierre-Luc VOGEL<\/strong>, Treasurer, notary in France<\/li><li><strong>Ma\u00eetre Sonja KRALJ<\/strong>, Secretary, notary in Slovenia<\/li><\/ul>\t\t\t\t\t\t\t\t<\/div>\n\t\t\t\t<\/div>\n\t\t\t\t<div class=\"elementor-element elementor-element-337ad18 elementor-widget elementor-widget-heading\" data-id=\"337ad18\" data-element_type=\"widget\" data-widget_type=\"heading.default\">\n\t\t\t\t<div class=\"elementor-widget-container\">\n\t\t\t\t\t<h5 class=\"elementor-heading-title elementor-size-default\"><br>The Articles<\/h5>\t\t\t\t<\/div>\n\t\t\t\t<\/div>\n\t\t\t\t<div class=\"elementor-element elementor-element-af69fe7 elementor-widget elementor-widget-text-editor\" data-id=\"af69fe7\" data-element_type=\"widget\" data-widget_type=\"text-editor.default\">\n\t\t\t\t<div class=\"elementor-widget-container\">\n\t\t\t\t\t\t\t\t\t<p><span style=\"color: var( --e-global-color-text ); font-family: var( --e-global-typography-text-font-family ), Sans-serif; font-weight: var( --e-global-typography-text-font-weight ); font-size: 1rem;\">The ENRWA articles can be downloaded in PDF format.<\/span><\/p>\t\t\t\t\t\t\t\t<\/div>\n\t\t\t\t<\/div>\n\t\t\t\t<div class=\"elementor-element elementor-element-422587a elementor-align-left elementor-widget elementor-widget-button\" data-id=\"422587a\" data-element_type=\"widget\" data-widget_type=\"button.default\">\n\t\t\t\t<div class=\"elementor-widget-container\">\n\t\t\t\t\t\t\t\t\t<div class=\"elementor-button-wrapper\">\n\t\t\t\t\t<a class=\"elementor-button elementor-button-link elementor-size-sm elementor-animation-shrink\" href=\"http:\/\/www.arert.eu\/wp-content\/uploads\/2024\/07\/Statuts-2023-12-08-FR.pdf\">\n\t\t\t\t\t\t<span class=\"elementor-button-content-wrapper\">\n\t\t\t\t\t\t\t\t\t<span class=\"elementor-button-text\">Download ENRWA Articles<\/span>\n\t\t\t\t\t<\/span>\n\t\t\t\t\t<\/a>\n\t\t\t\t<\/div>\n\t\t\t\t\t\t\t\t<\/div>\n\t\t\t\t<\/div>\n\t\t\t\t\t<\/div>\n\t\t<\/div>\n\t\t\t\t\t<\/div>\n\t\t<\/section>\n\t\t\t\t<section class=\"elementor-section elementor-top-section elementor-element elementor-element-0a0a5d8 elementor-section-boxed elementor-section-height-default elementor-section-height-default\" data-id=\"0a0a5d8\" data-element_type=\"section\" data-settings=\"{&quot;jet_parallax_layout_list&quot;:[]}\">\n\t\t\t\t\t\t<div class=\"elementor-container elementor-column-gap-default\">\n\t\t\t\t\t<div class=\"elementor-column elementor-col-100 elementor-top-column elementor-element elementor-element-1472007\" data-id=\"1472007\" data-element_type=\"column\">\n\t\t\t<div class=\"elementor-widget-wrap elementor-element-populated\">\n\t\t\t\t\t\t<div class=\"elementor-element elementor-element-f3cc725 elementor-widget elementor-widget-image\" data-id=\"f3cc725\" data-element_type=\"widget\" data-widget_type=\"image.default\">\n\t\t\t\t<div class=\"elementor-widget-container\">\n\t\t\t\t\t\t\t\t\t\t\t\t\t\t\t<img fetchpriority=\"high\" decoding=\"async\" width=\"697\" height=\"1024\" src=\"https:\/\/www.arert.eu\/wp-content\/uploads\/2025\/10\/2025-07-ADSN-AfficheRERT-FR-MembresRegistres-072025-697x1024.png\" class=\"attachment-large size-large wp-image-5387\" alt=\"\" srcset=\"https:\/\/www.arert.eu\/wp-content\/uploads\/2025\/10\/2025-07-ADSN-AfficheRERT-FR-MembresRegistres-072025-697x1024.png 697w, https:\/\/www.arert.eu\/wp-content\/uploads\/2025\/10\/2025-07-ADSN-AfficheRERT-FR-MembresRegistres-072025-204x300.png 204w, https:\/\/www.arert.eu\/wp-content\/uploads\/2025\/10\/2025-07-ADSN-AfficheRERT-FR-MembresRegistres-072025-768x1128.png 768w, https:\/\/www.arert.eu\/wp-content\/uploads\/2025\/10\/2025-07-ADSN-AfficheRERT-FR-MembresRegistres-072025-1046x1536.png 1046w, https:\/\/www.arert.eu\/wp-content\/uploads\/2025\/10\/2025-07-ADSN-AfficheRERT-FR-MembresRegistres-072025-1395x2048.png 1395w, https:\/\/www.arert.eu\/wp-content\/uploads\/2025\/10\/2025-07-ADSN-AfficheRERT-FR-MembresRegistres-072025-8x12.png 8w, https:\/\/www.arert.eu\/wp-content\/uploads\/2025\/10\/2025-07-ADSN-AfficheRERT-FR-MembresRegistres-072025.png 1417w\" sizes=\"(max-width: 697px) 100vw, 697px\" \/>\t\t\t\t\t\t\t\t\t\t\t\t\t\t\t<\/div>\n\t\t\t\t<\/div>\n\t\t\t\t\t<\/div>\n\t\t<\/div>\n\t\t\t\t\t<\/div>\n\t\t<\/section>\n\t\t\t\t<\/div>","protected":false},"excerpt":{"rendered":"<p>Accueil Pr\u00e9sentation L&rsquo;ASSOCIATION MIssion et valeurs Fond\u00e9e en 2005 par les Notariats belge, fran\u00e7ais et slov\u00e8ne, l\u2019ARERT est une association internationale \u00e0 but non lucratif de droit belge. Elle agit dans le cadre de la Convention de B\u00e2le relative \u00e0 l\u2019\u00e9tablissement d\u2019un syst\u00e8me d\u2019inscription des testaments (16 mai 1972), qui \u00e9tablit un syst\u00e8me d\u2019inscription des [&hellip;]<\/p>","protected":false},"author":1,"featured_media":0,"parent":0,"menu_order":0,"comment_status":"closed","ping_status":"closed","template":"elementor_header_footer","meta":{"_monsterinsights_skip_tracking":false,"_monsterinsights_sitenote_active":false,"_monsterinsights_sitenote_note":"","_monsterinsights_sitenote_category":0,"footnotes":""},"class_list":["post-14","page","type-page","status-publish","hentry"],"_links":{"self":[{"href":"https:\/\/www.arert.eu\/en\/wp-json\/wp\/v2\/pages\/14","targetHints":{"allow":["GET"]}}],"collection":[{"href":"https:\/\/www.arert.eu\/en\/wp-json\/wp\/v2\/pages"}],"about":[{"href":"https:\/\/www.arert.eu\/en\/wp-json\/wp\/v2\/types\/page"}],"author":[{"embeddable":true,"href":"https:\/\/www.arert.eu\/en\/wp-json\/wp\/v2\/users\/1"}],"replies":[{"embeddable":true,"href":"https:\/\/www.arert.eu\/en\/wp-json\/wp\/v2\/comments?post=14"}],"version-history":[{"count":0,"href":"https:\/\/www.arert.eu\/en\/wp-json\/wp\/v2\/pages\/14\/revisions"}],"wp:attachment":[{"href":"https:\/\/www.arert.eu\/en\/wp-json\/wp\/v2\/media?parent=14"}],"curies":[{"name":"wp","href":"https:\/\/api.w.org\/{rel}","templated":true}]}}