{"id":3,"date":"2021-07-19T10:19:08","date_gmt":"2021-07-19T08:19:08","guid":{"rendered":"https:\/\/abyxo.website\/index.php?action=install_wp\/?page_id=3"},"modified":"2025-04-17T10:36:30","modified_gmt":"2025-04-17T08:36:30","slug":"politique-de-confidentialite","status":"publish","type":"page","link":"https:\/\/www.arert.eu\/en\/politique-de-confidentialite\/","title":{"rendered":"Privacy policy and cookies management"},"content":{"rendered":"<div data-elementor-type=\"wp-page\" data-elementor-id=\"3\" class=\"elementor elementor-3\" data-elementor-post-type=\"page\">\n\t\t\t\t\t\t<section class=\"elementor-section elementor-top-section elementor-element elementor-element-4558c17 elementor-section-boxed elementor-section-height-default elementor-section-height-default\" data-id=\"4558c17\" data-element_type=\"section\" data-settings=\"{&quot;jet_parallax_layout_list&quot;:[{&quot;jet_parallax_layout_image&quot;:{&quot;url&quot;:&quot;&quot;,&quot;id&quot;:&quot;&quot;,&quot;size&quot;:&quot;&quot;},&quot;_id&quot;:&quot;10b19bf&quot;,&quot;jet_parallax_layout_image_tablet&quot;:{&quot;url&quot;:&quot;&quot;,&quot;id&quot;:&quot;&quot;,&quot;size&quot;:&quot;&quot;},&quot;jet_parallax_layout_image_mobile&quot;:{&quot;url&quot;:&quot;&quot;,&quot;id&quot;:&quot;&quot;,&quot;size&quot;:&quot;&quot;},&quot;jet_parallax_layout_speed&quot;:{&quot;unit&quot;:&quot;%&quot;,&quot;size&quot;:50,&quot;sizes&quot;:[]},&quot;jet_parallax_layout_type&quot;:&quot;scroll&quot;,&quot;jet_parallax_layout_direction&quot;:null,&quot;jet_parallax_layout_fx_direction&quot;:null,&quot;jet_parallax_layout_z_index&quot;:&quot;&quot;,&quot;jet_parallax_layout_bg_x&quot;:50,&quot;jet_parallax_layout_bg_x_tablet&quot;:&quot;&quot;,&quot;jet_parallax_layout_bg_x_mobile&quot;:&quot;&quot;,&quot;jet_parallax_layout_bg_y&quot;:50,&quot;jet_parallax_layout_bg_y_tablet&quot;:&quot;&quot;,&quot;jet_parallax_layout_bg_y_mobile&quot;:&quot;&quot;,&quot;jet_parallax_layout_bg_size&quot;:&quot;auto&quot;,&quot;jet_parallax_layout_bg_size_tablet&quot;:&quot;&quot;,&quot;jet_parallax_layout_bg_size_mobile&quot;:&quot;&quot;,&quot;jet_parallax_layout_animation_prop&quot;:&quot;transform&quot;,&quot;jet_parallax_layout_on&quot;:[&quot;desktop&quot;,&quot;tablet&quot;]}]}\">\n\t\t\t\t\t\t<div class=\"elementor-container elementor-column-gap-default\">\n\t\t\t\t\t<div class=\"elementor-column elementor-col-100 elementor-top-column elementor-element elementor-element-f621710\" data-id=\"f621710\" data-element_type=\"column\">\n\t\t\t<div class=\"elementor-widget-wrap elementor-element-populated\">\n\t\t\t\t\t\t<div class=\"elementor-element elementor-element-8865dc7 elementor-widget elementor-widget-jet-breadcrumbs\" data-id=\"8865dc7\" data-element_type=\"widget\" data-widget_type=\"jet-breadcrumbs.default\">\n\t\t\t\t<div class=\"elementor-widget-container\">\n\t\t\t\t\t<div class=\"elementor-jet-breadcrumbs jet-blocks\">\n\t\t<div class=\"jet-breadcrumbs\">\n\t\t<div class=\"jet-breadcrumbs__content\">\n\t\t<div class=\"jet-breadcrumbs__wrap\"><div class=\"jet-breadcrumbs__item\"><a href=\"https:\/\/www.arert.eu\/en\/\" class=\"jet-breadcrumbs__item-link is-home\" rel=\"home\" title=\"Home\">Home<\/a><\/div>\n\t\t<\/div>\n\t\t<\/div>\n\t\t<\/div><\/div>\t\t\t\t<\/div>\n\t\t\t\t<\/div>\n\t\t\t\t<div class=\"elementor-element elementor-element-1a0422c elementor-widget elementor-widget-heading\" data-id=\"1a0422c\" data-element_type=\"widget\" data-widget_type=\"heading.default\">\n\t\t\t\t<div class=\"elementor-widget-container\">\n\t\t\t\t\t<h1 class=\"elementor-heading-title elementor-size-default\">Privacy policy and cookies management\n<\/h1>\t\t\t\t<\/div>\n\t\t\t\t<\/div>\n\t\t\t\t\t<\/div>\n\t\t<\/div>\n\t\t\t\t\t<\/div>\n\t\t<\/section>\n\t\t\t\t<section class=\"elementor-section elementor-top-section elementor-element elementor-element-5fe56d29 elementor-section-boxed elementor-section-height-default elementor-section-height-default\" data-id=\"5fe56d29\" data-element_type=\"section\" data-settings=\"{&quot;jet_parallax_layout_list&quot;:[{&quot;jet_parallax_layout_image&quot;:{&quot;url&quot;:&quot;&quot;,&quot;id&quot;:&quot;&quot;,&quot;size&quot;:&quot;&quot;},&quot;_id&quot;:&quot;e8112b4&quot;,&quot;jet_parallax_layout_image_tablet&quot;:{&quot;url&quot;:&quot;&quot;,&quot;id&quot;:&quot;&quot;,&quot;size&quot;:&quot;&quot;},&quot;jet_parallax_layout_image_mobile&quot;:{&quot;url&quot;:&quot;&quot;,&quot;id&quot;:&quot;&quot;,&quot;size&quot;:&quot;&quot;},&quot;jet_parallax_layout_speed&quot;:{&quot;unit&quot;:&quot;%&quot;,&quot;size&quot;:50,&quot;sizes&quot;:[]},&quot;jet_parallax_layout_type&quot;:&quot;scroll&quot;,&quot;jet_parallax_layout_direction&quot;:null,&quot;jet_parallax_layout_fx_direction&quot;:null,&quot;jet_parallax_layout_z_index&quot;:&quot;&quot;,&quot;jet_parallax_layout_bg_x&quot;:50,&quot;jet_parallax_layout_bg_x_tablet&quot;:&quot;&quot;,&quot;jet_parallax_layout_bg_x_mobile&quot;:&quot;&quot;,&quot;jet_parallax_layout_bg_y&quot;:50,&quot;jet_parallax_layout_bg_y_tablet&quot;:&quot;&quot;,&quot;jet_parallax_layout_bg_y_mobile&quot;:&quot;&quot;,&quot;jet_parallax_layout_bg_size&quot;:&quot;auto&quot;,&quot;jet_parallax_layout_bg_size_tablet&quot;:&quot;&quot;,&quot;jet_parallax_layout_bg_size_mobile&quot;:&quot;&quot;,&quot;jet_parallax_layout_animation_prop&quot;:&quot;transform&quot;,&quot;jet_parallax_layout_on&quot;:[&quot;desktop&quot;,&quot;tablet&quot;]}]}\">\n\t\t\t\t\t\t<div class=\"elementor-container elementor-column-gap-default\">\n\t\t\t\t\t<div class=\"elementor-column elementor-col-100 elementor-top-column elementor-element elementor-element-4d978319\" data-id=\"4d978319\" data-element_type=\"column\">\n\t\t\t<div class=\"elementor-widget-wrap elementor-element-populated\">\n\t\t\t\t\t\t<div class=\"elementor-element elementor-element-3fe313c elementor-widget elementor-widget-text-editor\" data-id=\"3fe313c\" data-element_type=\"widget\" data-widget_type=\"text-editor.default\">\n\t\t\t\t<div class=\"elementor-widget-container\">\n\t\t\t\t\t\t\t\t\t<p>Concerned about the respect of your privacy, the protection of personal data is one of our major concerns.<\/p><p>The purpose of this policy is to provide you with concise and relevant information concerning the processing of personal data carried out for the implementation of the websites: <a href=\"https:\/\/www.arert.eu\/en\/\">www.enrwa.eu<\/a> and <a href=\"https:\/\/www.arert.eu\/en\/lassociation-arert\/\">https:\/\/www.enrwa.eu<\/a><\/p><h2>Definitions<\/h2><h3>Personal data<\/h3><p>Any information relating to an identified or identifiable person, directly or indirectly (hereinafter \"data\" or \"personal data\").<\/p><p>Processing of personal data: any operation relating to personal data such as collection, recording, extraction, modification, etc. (hereinafter \"processing\" or \"personal data processing\").<\/p><h3>Data subjects<\/h3><p>Any natural person whose personal data is processed (hereinafter, \"you\", \"your\" or \"data subjects\").\u00a0<span style=\"color: var( --e-global-color-text ); font-family: var( --e-global-typography-text-font-family ), Sans-serif; font-size: 1rem; font-weight: var( --e-global-typography-text-font-weight );\">.<\/span><\/p><h3>Data controller<\/h3><p>The natural or legal person who determines the purpose and means of the processing.<\/p><h3>Data Protection Officer (DPO)<\/h3><p>The person appointed by the data controller to monitor compliance with the regulations, to be the contact point for questions relating to the rights of data subjects and to cooperate with the supervisory authority, the Data Protection Authority for Belgium.<\/p><h3>Cookies<\/h3><p>Computer file (tracer) that is deposited and read after consulting a website, reading an e-mail, using an application or software, regardless of the terminal used.<\/p><h3>Data controller<\/h3><p>The ENRWA, which is responsible for processing personal data relating to external communication on the association's activities within the meaning of Regulation (EU) 2016\/679 of 27 April 2016, undertakes to implement appropriate measures to protect your personal data.<\/p><h3>Basis and purpose of the processing of personal data<\/h3><p>The processing of personal data is based on the legitimate interest of the data controller to facilitate exchanges and ensure communication with the public.<\/p><p>Your personal data is processed for the following purposes:<\/p><ul><li>To ensure the proper functioning and improvement of the website, services and features offered;\nTo guarantee the security of the website;\nTo estimate the number of visitors to the website;\nTo publish content for the public.<\/li><li>Garantir la s\u00e9curit\u00e9 du site internet ;<\/li><li>Estimer la fr\u00e9quentation du site internet ;<\/li><li>Publier du contenu \u00e0 l\u2019attention du grand public.<\/li><\/ul><h3>Collection of personal data<\/h3><p>In accordance with the regulations, only the data necessary for the above-mentioned purposes are processed.<\/p><h3>Retention periods for personal data<\/h3><p>The data collected is kept for a limited period necessary to achieve the purposes mentioned above. This is generally the time required to process your request.<\/p><p>The connection information necessary to improve the website and to maintain an appropriate level of security is kept for up to 12 months after collection.<\/p><h3>Recipients of personal data<\/h3><p>To achieve the above-mentioned purposes, your data may be communicated in whole or in part:<\/p><ul><li>To legally authorised third parties (e.g. police authorities in the context of judicial requests);<\/li><\/ul><h3>Transfer of data outside the European Union<\/h3><p>Personal data is not transferred to any country outside the European Union.<\/p><p>The data necessary for the elaboration of statistics and audience measurements may be processed outside the EU, in accordance with the data management policy established by the manager of each publisher.<\/p><h3>Security of personal data<\/h3><p>The Data Controller undertakes to guarantee the confidentiality and security of the personal data processed. It also ensures that processors are committed to implementing technical and organisational measures to guarantee an appropriate level of security.<\/p><h3>Your rights<\/h3><p>In accordance with the regulations, you may access the data concerning you. If necessary, you may request the erasure of your personal data, obtain a restriction on the processing of your personal data, or object to the processing of your personal data for reasons relating to your situation.\u00a0<\/p><p>These rights may be exercised directly with the Data Controller at the following address: <a href=\"mailto:contact.arert@arert.eu\">contact.arert@arert.eu<\/a><\/p><p>If, after contacting us, you feel that your rights have not been respected, you may lodge a complaint with a competent supervisory authority, the Data Protection Authority for Belgium.<\/p><h2>Cookies<\/h2><h3>The functions of the cookies used on the website.<\/h3><p>When you browse the website, tracking tools may generate and deposit one or more cookies on your terminal. They may facilitate your browsing (e.g., storing your identifier), establish statistics and audience measurements in order to improve the website, and allow targeted advertising.<\/p><ul><li>Functional cookies are strictly necessary for the provision of the service expressly requested by the user and for navigation (e.g., adaptation of the display to your terminal, choice of language, access to a personal space, etc.). In fact, they are exempt from the need to obtain consent.<\/li><li>Analytical cookies enable the generation of statistics relating to the use, general attendance and performance of the website with a view to improving it.<\/li><li>Third-party cookies for sharing content on social networks facilitate the sharing of website content on the various social platforms. They are deposited via social network buttons. For more information on the use of your data, please consult the data protection policies of the relevant social networks.<\/li><li>Third party\" targeting cookies (advertising) allow us to offer personalised advertising content according to your centres of interest.<\/li><\/ul><h3>List of cookies used and\/or deposited by our website.<\/h3><p>As part of the implementation of the processing relating to external communication, we use the following cookies:<\/p>\t\t\t\t\t\t\t\t<\/div>\n\t\t\t\t<\/div>\n\t\t\t\t<div class=\"elementor-element elementor-element-6aa02f7 elementor-widget elementor-widget-shortcode\" data-id=\"6aa02f7\" data-element_type=\"widget\" data-widget_type=\"shortcode.default\">\n\t\t\t\t<div class=\"elementor-widget-container\">\n\t\t\t\t\t\t\t<div class=\"elementor-shortcode\">[cookie_audit]<\/div>\n\t\t\t\t\t\t<\/div>\n\t\t\t\t<\/div>\n\t\t\t\t<div class=\"elementor-element elementor-element-4d1d6ec3 elementor-widget elementor-widget-text-editor\" data-id=\"4d1d6ec3\" data-element_type=\"widget\" data-widget_type=\"text-editor.default\">\n\t\t\t\t<div class=\"elementor-widget-container\">\n\t\t\t\t\t\t\t\t\t<p>For more information, we invite you to consult the data management policy set up by each publisher of tracking tools (cookies).<\/p><h3><span style=\"color: inherit; font-family: inherit; font-size: 1.75rem;\">Updating the policy<\/span><\/h3><p>This Privacy Policy may be updated at any time to reflect changes in processing or if required by law.<\/p>\t\t\t\t\t\t\t\t<\/div>\n\t\t\t\t<\/div>\n\t\t\t\t\t<\/div>\n\t\t<\/div>\n\t\t\t\t\t<\/div>\n\t\t<\/section>\n\t\t\t\t<\/div>","protected":false},"excerpt":{"rendered":"<p>Accueil Politique de protection des donn\u00e9es personnelles et gestion des cookies Soucieuse du respect de votre vie priv\u00e9e, la protection des donn\u00e9es personnelles est l\u2019une de nos pr\u00e9occupations majeures. Aussi la pr\u00e9sente politique a pour objectif de vous fournir une information concise et pertinente concernant les traitements de donn\u00e9es personnelles effectu\u00e9s pour la mise en [&hellip;]<\/p>","protected":false},"author":1,"featured_media":0,"parent":0,"menu_order":0,"comment_status":"closed","ping_status":"open","template":"elementor_header_footer","meta":{"_monsterinsights_skip_tracking":false,"_monsterinsights_sitenote_active":false,"_monsterinsights_sitenote_note":"","_monsterinsights_sitenote_category":0,"footnotes":""},"class_list":["post-3","page","type-page","status-publish","hentry"],"_links":{"self":[{"href":"https:\/\/www.arert.eu\/en\/wp-json\/wp\/v2\/pages\/3","targetHints":{"allow":["GET"]}}],"collection":[{"href":"https:\/\/www.arert.eu\/en\/wp-json\/wp\/v2\/pages"}],"about":[{"href":"https:\/\/www.arert.eu\/en\/wp-json\/wp\/v2\/types\/page"}],"author":[{"embeddable":true,"href":"https:\/\/www.arert.eu\/en\/wp-json\/wp\/v2\/users\/1"}],"replies":[{"embeddable":true,"href":"https:\/\/www.arert.eu\/en\/wp-json\/wp\/v2\/comments?post=3"}],"version-history":[{"count":0,"href":"https:\/\/www.arert.eu\/en\/wp-json\/wp\/v2\/pages\/3\/revisions"}],"wp:attachment":[{"href":"https:\/\/www.arert.eu\/en\/wp-json\/wp\/v2\/media?parent=3"}],"curies":[{"name":"wp","href":"https:\/\/api.w.org\/{rel}","templated":true}]}}