{"id":59,"date":"2021-07-19T12:38:44","date_gmt":"2021-07-19T10:38:44","guid":{"rendered":"http:\/\/www.arert.eu\/?page_id=59"},"modified":"2025-03-12T09:48:48","modified_gmt":"2025-03-12T08:48:48","slug":"mentions-legales","status":"publish","type":"page","link":"https:\/\/www.arert.eu\/en\/mentions-legales\/","title":{"rendered":"Legal notice"},"content":{"rendered":"<div data-elementor-type=\"wp-page\" data-elementor-id=\"59\" class=\"elementor elementor-59\" data-elementor-post-type=\"page\">\n\t\t\t\t\t\t<section class=\"elementor-section elementor-top-section elementor-element elementor-element-d73fc9e elementor-section-boxed elementor-section-height-default elementor-section-height-default\" data-id=\"d73fc9e\" data-element_type=\"section\" data-settings=\"{&quot;jet_parallax_layout_list&quot;:[{&quot;jet_parallax_layout_image&quot;:{&quot;url&quot;:&quot;&quot;,&quot;id&quot;:&quot;&quot;,&quot;size&quot;:&quot;&quot;},&quot;_id&quot;:&quot;10b19bf&quot;,&quot;jet_parallax_layout_image_tablet&quot;:{&quot;url&quot;:&quot;&quot;,&quot;id&quot;:&quot;&quot;,&quot;size&quot;:&quot;&quot;},&quot;jet_parallax_layout_image_mobile&quot;:{&quot;url&quot;:&quot;&quot;,&quot;id&quot;:&quot;&quot;,&quot;size&quot;:&quot;&quot;},&quot;jet_parallax_layout_speed&quot;:{&quot;unit&quot;:&quot;%&quot;,&quot;size&quot;:50,&quot;sizes&quot;:[]},&quot;jet_parallax_layout_type&quot;:&quot;scroll&quot;,&quot;jet_parallax_layout_direction&quot;:null,&quot;jet_parallax_layout_fx_direction&quot;:null,&quot;jet_parallax_layout_z_index&quot;:&quot;&quot;,&quot;jet_parallax_layout_bg_x&quot;:50,&quot;jet_parallax_layout_bg_x_tablet&quot;:&quot;&quot;,&quot;jet_parallax_layout_bg_x_mobile&quot;:&quot;&quot;,&quot;jet_parallax_layout_bg_y&quot;:50,&quot;jet_parallax_layout_bg_y_tablet&quot;:&quot;&quot;,&quot;jet_parallax_layout_bg_y_mobile&quot;:&quot;&quot;,&quot;jet_parallax_layout_bg_size&quot;:&quot;auto&quot;,&quot;jet_parallax_layout_bg_size_tablet&quot;:&quot;&quot;,&quot;jet_parallax_layout_bg_size_mobile&quot;:&quot;&quot;,&quot;jet_parallax_layout_animation_prop&quot;:&quot;transform&quot;,&quot;jet_parallax_layout_on&quot;:[&quot;desktop&quot;,&quot;tablet&quot;]}]}\">\n\t\t\t\t\t\t<div class=\"elementor-container elementor-column-gap-default\">\n\t\t\t\t\t<div class=\"elementor-column elementor-col-100 elementor-top-column elementor-element elementor-element-8e892db\" data-id=\"8e892db\" data-element_type=\"column\">\n\t\t\t<div class=\"elementor-widget-wrap elementor-element-populated\">\n\t\t\t\t\t\t<div class=\"elementor-element elementor-element-8814f7a elementor-widget elementor-widget-jet-breadcrumbs\" data-id=\"8814f7a\" data-element_type=\"widget\" data-widget_type=\"jet-breadcrumbs.default\">\n\t\t\t\t<div class=\"elementor-widget-container\">\n\t\t\t\t\t<div class=\"elementor-jet-breadcrumbs jet-blocks\">\n\t\t<div class=\"jet-breadcrumbs\">\n\t\t<div class=\"jet-breadcrumbs__content\">\n\t\t<div class=\"jet-breadcrumbs__wrap\"><div class=\"jet-breadcrumbs__item\"><a href=\"https:\/\/www.arert.eu\/en\/\" class=\"jet-breadcrumbs__item-link is-home\" rel=\"home\" title=\"Home\">Home<\/a><\/div>\n\t\t<\/div>\n\t\t<\/div>\n\t\t<\/div><\/div>\t\t\t\t<\/div>\n\t\t\t\t<\/div>\n\t\t\t\t<div class=\"elementor-element elementor-element-52e7eca elementor-widget elementor-widget-heading\" data-id=\"52e7eca\" data-element_type=\"widget\" data-widget_type=\"heading.default\">\n\t\t\t\t<div class=\"elementor-widget-container\">\n\t\t\t\t\t<h1 class=\"elementor-heading-title elementor-size-default\">Legal notice<\/h1>\t\t\t\t<\/div>\n\t\t\t\t<\/div>\n\t\t\t\t\t<\/div>\n\t\t<\/div>\n\t\t\t\t\t<\/div>\n\t\t<\/section>\n\t\t\t\t<section class=\"elementor-section elementor-top-section elementor-element elementor-element-3531b84 elementor-section-boxed elementor-section-height-default elementor-section-height-default\" data-id=\"3531b84\" data-element_type=\"section\" data-settings=\"{&quot;jet_parallax_layout_list&quot;:[{&quot;jet_parallax_layout_image&quot;:{&quot;url&quot;:&quot;&quot;,&quot;id&quot;:&quot;&quot;,&quot;size&quot;:&quot;&quot;},&quot;_id&quot;:&quot;73df186&quot;,&quot;jet_parallax_layout_image_tablet&quot;:{&quot;url&quot;:&quot;&quot;,&quot;id&quot;:&quot;&quot;,&quot;size&quot;:&quot;&quot;},&quot;jet_parallax_layout_image_mobile&quot;:{&quot;url&quot;:&quot;&quot;,&quot;id&quot;:&quot;&quot;,&quot;size&quot;:&quot;&quot;},&quot;jet_parallax_layout_speed&quot;:{&quot;unit&quot;:&quot;%&quot;,&quot;size&quot;:50,&quot;sizes&quot;:[]},&quot;jet_parallax_layout_type&quot;:&quot;scroll&quot;,&quot;jet_parallax_layout_direction&quot;:null,&quot;jet_parallax_layout_fx_direction&quot;:null,&quot;jet_parallax_layout_z_index&quot;:&quot;&quot;,&quot;jet_parallax_layout_bg_x&quot;:50,&quot;jet_parallax_layout_bg_x_tablet&quot;:&quot;&quot;,&quot;jet_parallax_layout_bg_x_mobile&quot;:&quot;&quot;,&quot;jet_parallax_layout_bg_y&quot;:50,&quot;jet_parallax_layout_bg_y_tablet&quot;:&quot;&quot;,&quot;jet_parallax_layout_bg_y_mobile&quot;:&quot;&quot;,&quot;jet_parallax_layout_bg_size&quot;:&quot;auto&quot;,&quot;jet_parallax_layout_bg_size_tablet&quot;:&quot;&quot;,&quot;jet_parallax_layout_bg_size_mobile&quot;:&quot;&quot;,&quot;jet_parallax_layout_animation_prop&quot;:&quot;transform&quot;,&quot;jet_parallax_layout_on&quot;:[&quot;desktop&quot;,&quot;tablet&quot;]}]}\">\n\t\t\t\t\t\t<div class=\"elementor-container elementor-column-gap-default\">\n\t\t\t\t\t<div class=\"elementor-column elementor-col-100 elementor-top-column elementor-element elementor-element-cf2e14d\" data-id=\"cf2e14d\" data-element_type=\"column\">\n\t\t\t<div class=\"elementor-widget-wrap elementor-element-populated\">\n\t\t\t\t\t\t<div class=\"elementor-element elementor-element-02bbfff elementor-widget elementor-widget-text-editor\" data-id=\"02bbfff\" data-element_type=\"widget\" data-widget_type=\"text-editor.default\">\n\t\t\t\t<div class=\"elementor-widget-container\">\n\t\t\t\t\t\t\t\t\t<h2>1. Publisher information<\/h2><p><strong>EUROPEAN NETWORK OF LAST WILLS REGISTERS ASSOCIATION ENRWA<\/strong><\/p><p>International Non-Profit Association (AISBL), with its registered office at Rue de la Montagne, 30-34, 1000 Brussels, Belgium, registered under number 0875 868 032.<\/p><p>TVA\u00a0:\u00a0 BE 0875868032<\/p><p><strong>Contact (French and English speaking)<\/strong> : 00 33 (0)4 42 54 90 52, ca@arert.eu<\/p><p class=\"translation-block\"><strong>Publication Director<\/strong> : Me Octavian ROGOJANU, ENRWA President<\/p><p class=\"translation-block\"><strong>Publication codirector<\/strong> : Fran\u00e7ois-Xavier BARY, ENRWA Director<\/p><h2>2. Hosting<\/h2><p><strong>FRENCH CONNECTION DOMAINE.FR<\/strong>, single-member LLC, with variable capital of 7,622.45 EUR, with its registered office at 455 promenade des anglais, 06200 Nice, registered with the Trade and Companies Register of under number B 417 546 173<\/p><p><strong>Contact<\/strong> : 0825 701 700<\/p><h2>3. Information about the Site<\/h2><p>The purpose of the website available at www.arert.eu and www.enrwa.eu (hereinafter the \u2018Website\u2019) is to inform Internet users about the association's activities and to provide them with information on how to register and search for wills and European certificates of inheritance in different European countries.<\/p><h2>4. Intellectual property<\/h2><p>The Publisher is the owner of the Site.<\/p><p>All content created or made available on the Website, including but not limited to text, graphics, photographs, illustrations, data, logos and software, is protected by intellectual property law. Your use of the Website does not confer any rights to this content, which remains the exclusive property of the Publisher or, in the case of certain content, is licensed from third parties.<\/p><p>You agree, however, to comply with Belgian laws on industrial protection, copyright, press and communication, as well as with international treaties and agreements relating to this and related fields.<\/p><p>Consequently, you are prohibited from:<\/p><ul><li>Reproducing all or part of the elements of the Site protected by copyright for the purpose of sale, distribution, broadcasting, publication or communication in any form without the specific prior written authorisation of the copyright holder;<\/li><li>Reuse any information on the Site for commercial or advertising purposes;<\/li><li>Enter data on the Site that would or could modify the content or appearance of the data or works appearing on this Site.<\/li><\/ul><p>Unless expressly stated otherwise with regard to a specific file, document or extract, the Publisher grants you the right to view, store and reproduce copies of this publication for your personal use. In the event of authorised reproduction of part of the Site or its content, the copyright notice must be visible on each copy.<\/p><p>Any unauthorised use, reproduction or adaptation of a page or element of content or original form of the Site constitutes an infringement for which the perpetrator will be held civilly and criminally liable.<\/p><h2>5. Guarantees and Responsibilities<\/h2><p>The information contained on the Site is the sole responsibility of its author and does not engage the responsibility of the Publisher when the latter is not the author of this information.<\/p><p>The Publisher gives no guarantee, explicit or implicit, and assumes no responsibility relating to the use of the Site.<\/p><p>Under no circumstances shall the Publisher, or any third party involved in the creation of this Site, be liable to or be liable to a user or any other party for any direct or indirect, special, particular or incidental damages arising from the use of this Site or any other site linked to it by a hypertext link, including loss of profit, business interruption, loss of programs or other data from the user's information management system or other, even if the Publisher is expressly informed that damage is possible.<\/p><p>The Publisher does not guarantee the quality, accuracy, currency, order or exhaustiveness of the information or documents on this Site, and is not obliged to update this information.<\/p><p>Finally, the reproduction and distribution of a person's image or video must respect the principles of image rights and privacy rights.<\/p><p>The other documents are provided for information purposes and do not bind the Publisher.<\/p><h2>6. Hypertext links<\/h2><p><em><strong>Creation of a hyperlink to the Site<\/strong><\/em><\/p><p>The creation of hypertext links to the content of the Site is authorised, subject to:<\/p><ul><li>not to use the deep linking technique, i.e. the pages of the Website must not be embedded within the pages of another site, but accessible by opening a window,<\/li><li>mention the source, which will point directly to the relevant content via a hyperlink.<\/li><\/ul><p><strong>Warning!<\/strong> This authorisation does not apply to websites that disseminate information of a controversial, pornographic or xenophobic nature or which may, to a greater extent, offend the sensibilities of the general public.<\/p><p><em><strong>Hypertext links on the Site<\/strong><\/em><\/p><p>The Website may contain hypertext links to third-party websites. The Publisher declines all responsibility for access to, content on or use of these websites, particularly the practices and policies regarding the protection of data confidentiality of the websites to which the Website may be linked by hypertext links, and invites you to read them. Your connection to any external website is at your own risk.<\/p><h2>7. Contact<\/h2><p>If you believe that the Publisher has not complied with the above points, please let us know by post or email at the addresses indicated at the beginning of this document (for the publisher). We will then take steps to identify and correct the problem.<\/p><h2>8. Credits<\/h2><p>The publication director undertakes to ensure that any photographs and\/or videos added are copyright free or, if not, to mention the name of the author of the document.<\/p><p><strong>Libres de droits<\/strong> :\u00a0<\/p><p><strong>Graphics, models and drawings<\/strong> : Boorbool &#8211; http:\/\/www.boorbool.com\/<\/p><h2>9. Changes to the terms and conditions<\/h2><p>The Publisher may modify the Site and\/or this document at any time. These modifications are binding on you and we recommend that you regularly refer to this Legal Notice to keep abreast of the current version.<\/p>\t\t\t\t\t\t\t\t<\/div>\n\t\t\t\t<\/div>\n\t\t\t\t\t<\/div>\n\t\t<\/div>\n\t\t\t\t\t<\/div>\n\t\t<\/section>\n\t\t\t\t<\/div>","protected":false},"excerpt":{"rendered":"<p>Accueil Mentions l\u00e9gales 1. Informations \u00e9diteur L\u2019ASSOCIATION DU RESEAU EUROP\u00c9EN DES REGISTRES TESTAMENTAIRES, Association Internationale Sans But Lucratif (AISBL), dont le si\u00e8ge social est situ\u00e9 \u00e0 Rue de la Montagne, 30-34, 1000 Bruxelles , Belgique, immatricul\u00e9e sous le num\u00e9ro 0875 868 032. TVA\u00a0:\u00a0 BE 0875868032 Contact (francophone et anglophone) : 00 33 (0)4 42 54 [&hellip;]<\/p>","protected":false},"author":1,"featured_media":0,"parent":0,"menu_order":0,"comment_status":"closed","ping_status":"closed","template":"elementor_header_footer","meta":{"_monsterinsights_skip_tracking":false,"_monsterinsights_sitenote_active":false,"_monsterinsights_sitenote_note":"","_monsterinsights_sitenote_category":0,"footnotes":""},"class_list":["post-59","page","type-page","status-publish","hentry"],"_links":{"self":[{"href":"https:\/\/www.arert.eu\/en\/wp-json\/wp\/v2\/pages\/59","targetHints":{"allow":["GET"]}}],"collection":[{"href":"https:\/\/www.arert.eu\/en\/wp-json\/wp\/v2\/pages"}],"about":[{"href":"https:\/\/www.arert.eu\/en\/wp-json\/wp\/v2\/types\/page"}],"author":[{"embeddable":true,"href":"https:\/\/www.arert.eu\/en\/wp-json\/wp\/v2\/users\/1"}],"replies":[{"embeddable":true,"href":"https:\/\/www.arert.eu\/en\/wp-json\/wp\/v2\/comments?post=59"}],"version-history":[{"count":0,"href":"https:\/\/www.arert.eu\/en\/wp-json\/wp\/v2\/pages\/59\/revisions"}],"wp:attachment":[{"href":"https:\/\/www.arert.eu\/en\/wp-json\/wp\/v2\/media?parent=59"}],"curies":[{"name":"wp","href":"https:\/\/api.w.org\/{rel}","templated":true}]}}